{"id":21,"date":"2023-11-20T13:44:23","date_gmt":"2023-11-20T13:44:23","guid":{"rendered":"https:\/\/www.colectividadsatrianese.org\/?page_id=21"},"modified":"2023-11-20T16:25:02","modified_gmt":"2023-11-20T16:25:02","slug":"actividades","status":"publish","type":"page","link":"https:\/\/www.colectividadsatrianese.org\/?page_id=21","title":{"rendered":"Actividades"},"content":{"rendered":"<p>Algunas de las muchas actividades que se realizan son:<\/p>\n<p><em><strong>\u00a0Organizaci\u00f3n de Excursiones<br \/>\n<\/strong><\/em><br \/>\nEn este caso recordamos 2 de ellas, una al Santuario de la Virgen del Verd\u00fan<br \/>\nen las Sierras de Minas y la otra a la Capilla de San Roque en la\u00a0 Ciudad de Carmelo, en el Departamento de Colonia<\/p>\n<p><img loading=\"lazy\" decoding=\"async\" class=\"alignnone wp-image-84\" src=\"https:\/\/www.colectividadsatrianese.org\/wp-content\/uploads\/2023\/11\/excur1-300x199.png\" alt=\"\" width=\"317\" height=\"210\" srcset=\"https:\/\/www.colectividadsatrianese.org\/wp-content\/uploads\/2023\/11\/excur1-300x199.png 300w, https:\/\/www.colectividadsatrianese.org\/wp-content\/uploads\/2023\/11\/excur1.png 328w\" sizes=\"auto, (max-width: 317px) 100vw, 317px\" \/> <img loading=\"lazy\" decoding=\"async\" class=\"alignnone size-medium wp-image-85\" src=\"https:\/\/www.colectividadsatrianese.org\/wp-content\/uploads\/2023\/11\/excur2-300x213.png\" alt=\"\" width=\"300\" height=\"213\" srcset=\"https:\/\/www.colectividadsatrianese.org\/wp-content\/uploads\/2023\/11\/excur2-300x213.png 300w, https:\/\/www.colectividadsatrianese.org\/wp-content\/uploads\/2023\/11\/excur2.png 317w\" sizes=\"auto, (max-width: 300px) 100vw, 300px\" \/><\/p>\n<p><em><strong>Los Almuerzos<\/strong><\/em><\/p>\n<p>Se realizan \u00faltimos domingos de mes de\u00a0 Abril a Noviembre en nuestra sede social de Felix Laborde 2474<\/p>\n<p><img loading=\"lazy\" decoding=\"async\" class=\"alignnone size-full wp-image-86\" src=\"https:\/\/www.colectividadsatrianese.org\/wp-content\/uploads\/2023\/11\/almu1.png\" alt=\"\" width=\"296\" height=\"212\" \/> <img loading=\"lazy\" decoding=\"async\" class=\"alignnone size-medium wp-image-87\" src=\"https:\/\/www.colectividadsatrianese.org\/wp-content\/uploads\/2023\/11\/almu2.png\" alt=\"\" width=\"298\" height=\"212\" \/> <img loading=\"lazy\" decoding=\"async\" class=\"alignnone wp-image-88\" src=\"https:\/\/www.colectividadsatrianese.org\/wp-content\/uploads\/2023\/11\/almu3.png\" alt=\"\" width=\"285\" height=\"211\" \/> <img loading=\"lazy\" decoding=\"async\" class=\"alignnone wp-image-89\" src=\"https:\/\/www.colectividadsatrianese.org\/wp-content\/uploads\/2023\/11\/almu4.png\" alt=\"\" width=\"156\" height=\"210\" \/><\/p>\n<p><em><strong>Los Cursos<\/strong><\/em><\/p>\n<p>Decoraci\u00f3n en Az\u00facar,Artesan\u00edas, Panader\u00eda, Confiter\u00eda y Reposter\u00eda, Corte y Confecci\u00f3n,<br \/>\nActualmente las clases de higiene de columna, yoga, clases de italiano y fundamentalmente<br \/>\nensayos de nuestro grupo de baile de j\u00f3venes con folkl\u00f3rico Italiano y uruguayo.<\/p>\n<p><img loading=\"lazy\" decoding=\"async\" class=\"alignnone wp-image-90\" src=\"https:\/\/www.colectividadsatrianese.org\/wp-content\/uploads\/2023\/11\/curso1.png\" alt=\"\" width=\"205\" height=\"211\" \/> <img loading=\"lazy\" decoding=\"async\" class=\"alignnone wp-image-91\" src=\"https:\/\/www.colectividadsatrianese.org\/wp-content\/uploads\/2023\/11\/curso2.png\" alt=\"\" width=\"280\" height=\"209\" \/> <img loading=\"lazy\" decoding=\"async\" class=\"alignnone wp-image-92\" src=\"https:\/\/www.colectividadsatrianese.org\/wp-content\/uploads\/2023\/11\/curso3.png\" alt=\"\" width=\"276\" height=\"208\" \/> <img loading=\"lazy\" decoding=\"async\" class=\"alignnone wp-image-93\" src=\"https:\/\/www.colectividadsatrianese.org\/wp-content\/uploads\/2023\/11\/curso4-300x227.png\" alt=\"\" width=\"276\" height=\"209\" srcset=\"https:\/\/www.colectividadsatrianese.org\/wp-content\/uploads\/2023\/11\/curso4-300x227.png 300w, https:\/\/www.colectividadsatrianese.org\/wp-content\/uploads\/2023\/11\/curso4.png 339w\" sizes=\"auto, (max-width: 276px) 100vw, 276px\" \/><\/p>\n<p><em><strong>El Bingo<\/strong><\/em><\/p>\n<p>Una actividad mas para la integraci\u00f3n y el disfrute de los socios y amigos de la instituci\u00f3n en periodo invernal.<\/p>\n<p><img loading=\"lazy\" decoding=\"async\" class=\"alignnone size-medium wp-image-95\" src=\"https:\/\/www.colectividadsatrianese.org\/wp-content\/uploads\/2023\/11\/bingo-300x223.png\" alt=\"\" width=\"300\" height=\"223\" srcset=\"https:\/\/www.colectividadsatrianese.org\/wp-content\/uploads\/2023\/11\/bingo-300x223.png 300w, https:\/\/www.colectividadsatrianese.org\/wp-content\/uploads\/2023\/11\/bingo.png 344w\" sizes=\"auto, (max-width: 300px) 100vw, 300px\" \/><\/p>\n<p><em><strong>F\u00fatbo 5<\/strong><\/em><\/p>\n<p>El Equipo de Futbol 5 creado hace a\u00f1os, particip\u00f3 en diferentes\u00a0 campeonatos con singular destaque.<\/p>\n<p><img loading=\"lazy\" decoding=\"async\" class=\"alignnone size-medium wp-image-96\" src=\"https:\/\/www.colectividadsatrianese.org\/wp-content\/uploads\/2023\/11\/futbol-300x209.png\" alt=\"\" width=\"300\" height=\"209\" srcset=\"https:\/\/www.colectividadsatrianese.org\/wp-content\/uploads\/2023\/11\/futbol-300x209.png 300w, https:\/\/www.colectividadsatrianese.org\/wp-content\/uploads\/2023\/11\/futbol.png 339w\" sizes=\"auto, (max-width: 300px) 100vw, 300px\" \/><\/p>\n<p><em><strong>Grupo de Danza<\/strong><\/em><\/p>\n<p>&#8212;&#8211;<\/p>\n<p>** Los s\u00e1bados y domingos a la tarde\u00a0 tenemos la cantina abierta a todos los<br \/>\nsocios amigos, donde se juega y habla y recuerdan viejas costumbres Satrianesas<br \/>\ny fundamentalmente Lucanas.<\/p>\n<p>&nbsp;<\/p>\n","protected":false},"excerpt":{"rendered":"<p>Algunas de las muchas actividades que se realizan son: \u00a0Organizaci\u00f3n de Excursiones En este caso recordamos 2 de ellas, una al Santuario de la Virgen del Verd\u00fan en las Sierras de Minas y la otra a la Capilla de San Roque en la\u00a0 Ciudad de Carmelo, en el Departamento de Colonia Los Almuerzos Se realizan&hellip; <br \/> <a class=\"read-more\" href=\"https:\/\/www.colectividadsatrianese.org\/?page_id=21\">Leer m\u00e1s<\/a><\/p>\n","protected":false},"author":1,"featured_media":46,"parent":0,"menu_order":3,"comment_status":"closed","ping_status":"closed","template":"","meta":{"footnotes":""},"class_list":["post-21","page","type-page","status-publish","has-post-thumbnail","hentry"],"_links":{"self":[{"href":"https:\/\/www.colectividadsatrianese.org\/index.php?rest_route=\/wp\/v2\/pages\/21","targetHints":{"allow":["GET"]}}],"collection":[{"href":"https:\/\/www.colectividadsatrianese.org\/index.php?rest_route=\/wp\/v2\/pages"}],"about":[{"href":"https:\/\/www.colectividadsatrianese.org\/index.php?rest_route=\/wp\/v2\/types\/page"}],"author":[{"embeddable":true,"href":"https:\/\/www.colectividadsatrianese.org\/index.php?rest_route=\/wp\/v2\/users\/1"}],"replies":[{"embeddable":true,"href":"https:\/\/www.colectividadsatrianese.org\/index.php?rest_route=%2Fwp%2Fv2%2Fcomments&post=21"}],"version-history":[{"count":5,"href":"https:\/\/www.colectividadsatrianese.org\/index.php?rest_route=\/wp\/v2\/pages\/21\/revisions"}],"predecessor-version":[{"id":98,"href":"https:\/\/www.colectividadsatrianese.org\/index.php?rest_route=\/wp\/v2\/pages\/21\/revisions\/98"}],"wp:featuredmedia":[{"embeddable":true,"href":"https:\/\/www.colectividadsatrianese.org\/index.php?rest_route=\/wp\/v2\/media\/46"}],"wp:attachment":[{"href":"https:\/\/www.colectividadsatrianese.org\/index.php?rest_route=%2Fwp%2Fv2%2Fmedia&parent=21"}],"curies":[{"name":"wp","href":"https:\/\/api.w.org\/{rel}","templated":true}]}}